{"id":341,"date":"2017-07-13T08:42:51","date_gmt":"2017-07-13T08:42:51","guid":{"rendered":"http:\/\/educator.edge-themes.com\/?page_id=341"},"modified":"2024-08-30T17:05:20","modified_gmt":"2024-08-30T17:05:20","slug":"contact-us","status":"publish","type":"page","link":"https:\/\/activeenglish.nelumbo.com.co\/index.php\/contact-us\/","title":{"rendered":"Contacto"},"content":{"rendered":"<section class=\"wpb-content-wrapper\"><p>[vc_row][vc_column][vc_column_text]<span style=\"vertical-align: inherit;\"><span style=\"vertical-align: inherit;\">[\/vc_column_text][\/vc_column][\/vc_row][vc_row row_content_width=&#8221;grid&#8221; css=&#8221;.vc_custom_1499940731417{padding-top: 7.6%!important;padding-bottom: 3%!important;}&#8221;][vc_column css=&#8221;.vc_custom_1501587589259{margin-top: -25px!important ;relleno-derecha: 14px !importante;}&#8221; offset=&#8221;vc_col-lg-offset-0 vc_col-lg-5 vc_col-md-offset-0 vc_col-md-12 vc_col-sm-offset-0&#8243;][vc_column_text]<\/span><\/span><\/p>\n<h2><span style=\"vertical-align: inherit;\"><span style=\"vertical-align: inherit;\">Detalles de contacto<\/span><\/span><\/h2>\n<p><span style=\"vertical-align: inherit;\"><span style=\"vertical-align: inherit;\"><span style=\"vertical-align: inherit;\"><span style=\"vertical-align: inherit;\">[\/vc_column_text][vc_empty_space height=&#8221;9px&#8221;]<div class=\"edgt-section-title-holder  edgt-st-standard edgt-st-title-left edgt-st-normal-space \" style=\"text-align: left\">\n\t<div class=\"edgt-st-inner\">\n\t\t\t\t\t\t\t<p class=\"edgt-st-text\" style=\"color: #888;font-size: 18px;line-height: 33px\">\n\t\t\t\tEstamos aqu\u00ed para ayudarte y responder a todas tus preguntas. Ya sea que necesites m\u00e1s informaci\u00f3n sobre nuestros cursos, quieras inscribirte, o simplemente tengas alguna consulta, no dudes en ponerte en contacto con nosotros.\t\t\t<\/p>\n\t\t\t<\/div>\n<\/div>[vc_empty_space height=&#8221;22px&#8221;]<h2 class=\"edgt-custom-font-holder  edgt-cf-9548\" style=\"font-family: Montserrat;font-size: 16px;line-height: 30px;font-weight: 600\" data-item-class=\"edgt-cf-9548\">\n\tOficina de C\u00facuta<\/h2>[vc_column_text css=&#8221;.vc_custom_1502107407498{margin-top: -3px !important;}&#8221;][\/vc_column_text]<div class=\"edgt-icon-list-holder \" >\n\t<div class=\"edgt-il-icon-holder\">\n\t\t<i class=\"edgt-icon-font-awesome fa fa-phone \" style=\"color: #212121;font-size: 17px\"><\/i>\t<\/div>\n\t<p class=\"edgt-il-text\" style=\"color: #999999;font-size: 14px;padding-left: 23px\">+57 318 353 02 34<\/p>\n<\/div>[vc_column_text css=&#8221;.vc_custom_1502107407498{margin-top: -3px !important;}&#8221;][\/vc_column_text]<div class=\"edgt-icon-list-holder \" >\n\t<div class=\"edgt-il-icon-holder\">\n\t\t<span aria-hidden=\"true\" class=\"edgt-icon-font-elegant icon_mail_alt \" style=\"color: #212121;font-size: 17px\"><\/span>\t<\/div>\n\t<p class=\"edgt-il-text\" style=\"color: #999999;font-size: 14px;padding-left: 24px\">Contactenos@activeenglish.edu.co<\/p>\n<\/div>[vc_column_text css=&#8221;.vc_custom_1502107407498{margin-top: -3px !important;}&#8221;][\/vc_column_text]<div class=\"edgt-icon-list-holder \" >\n\t<div class=\"edgt-il-icon-holder\">\n\t\t<i class=\"edgt-icon-font-awesome fa fa-map-marker \" style=\"color: #212121;font-size: 17px\"><\/i>\t<\/div>\n\t<p class=\"edgt-il-text\" style=\"color: #999999;font-size: 14px;padding-left: 23px\">Calle 21 #0B-25 Barrio Blanco C\u00facuta, Norte de Santander.<\/p>\n<\/div>[vc_empty_space height=&#8221;13px&#8221;]<div class=\"edgt-separator-holder clearfix  edgt-separator-left \">\n\t<div class=\"edgt-separator\" style=\"border-color: #e1e1e1;border-style: solid;margin-top: 0px;margin-bottom: 0px\"><\/div>\n<\/div>\n[\/vc_column][vc_column offset=&#8221;vc_col-lg-offset-0 vc_col-lg-7 vc_col-md-offset-0 vc_col-md-12&#8243;]\n<div class=\"wpcf7 no-js\" id=\"wpcf7-f346-o1\" lang=\"en-US\" dir=\"ltr\">\n<div class=\"screen-reader-response\"><p role=\"status\" aria-live=\"polite\" aria-atomic=\"true\"><\/p> <ul><\/ul><\/div>\n<form action=\"\/index.php\/wp-json\/wp\/v2\/pages\/341#wpcf7-f346-o1\" method=\"post\" class=\"wpcf7-form init\" aria-label=\"Contact form\" novalidate=\"novalidate\" data-status=\"init\">\n<div style=\"display: none;\">\n<input type=\"hidden\" name=\"_wpcf7\" value=\"346\" \/>\n<input type=\"hidden\" name=\"_wpcf7_version\" value=\"5.9.5\" \/>\n<input type=\"hidden\" name=\"_wpcf7_locale\" value=\"en_US\" \/>\n<input type=\"hidden\" name=\"_wpcf7_unit_tag\" value=\"wpcf7-f346-o1\" \/>\n<input type=\"hidden\" name=\"_wpcf7_container_post\" value=\"0\" \/>\n<input type=\"hidden\" name=\"_wpcf7_posted_data_hash\" value=\"\" \/>\n<\/div>\n<div class=\"edgt-cf7-contact-wrapper edgt-button-small\">\n\t<div class=\"edgt-cf7-title\">\n\t\t<p>No dudes en ponerte en contacto con nosotros...\n\t\t<\/p>\n\t<\/div>\n\t<div class=\"edgt-cf7-inputs clearfix\">\n\t\t<div class=\"edgt-grid-col-6\">\n\t\t\t<p><label>Nombre<span style=\"color: #244fe9;\">*<\/span><\/label><span class=\"wpcf7-form-control-wrap\" data-name=\"your-name\"><input size=\"40\" class=\"wpcf7-form-control wpcf7-text wpcf7-validates-as-required\" aria-required=\"true\" aria-invalid=\"false\" value=\"\" type=\"text\" name=\"your-name\" \/><\/span>\n\t\t\t<\/p>\n\t\t<\/div>\n\t\t<div class=\"edgt-grid-col-6\">\n\t\t\t<p><label>Correo Electr\u00f3nico<span style=\"color: #244fe9;\">*<\/span><\/label><span class=\"wpcf7-form-control-wrap\" data-name=\"your-email\"><input size=\"40\" class=\"wpcf7-form-control wpcf7-text wpcf7-validates-as-required\" aria-required=\"true\" aria-invalid=\"false\" value=\"\" type=\"text\" name=\"your-email\" \/><\/span>\n\t\t\t<\/p>\n\t\t<\/div>\n\t\t<div class=\"edgt-grid-col-12\">\n\t\t\t<p><label>Mensaje<span style=\"color: #244fe9;\">*<\/span><\/label><span class=\"wpcf7-form-control-wrap\" data-name=\"your-message\"><textarea cols=\"40\" rows=\"4\" class=\"wpcf7-form-control wpcf7-textarea wpcf7-validates-as-required\" aria-required=\"true\" aria-invalid=\"false\" name=\"your-message\"><\/textarea><\/span><br \/>\n<input class=\"wpcf7-form-control wpcf7-submit has-spinner\" type=\"submit\" value=\"Enviar\" \/>\n\t\t\t<\/p>\n\t\t<\/div>\n\t<\/div>\n<\/div><div class=\"wpcf7-response-output\" aria-hidden=\"true\"><\/div>\n<\/form>\n<\/div>\n[vc_empty_space height=&#8221;60px&#8221;][\/vc_column][\/vc_row][vc_row css=&#8221;.vc_custom_1721311055515{background-color: #0c3064 !important;}&#8221;][vc_column css=&#8221;.vc_custom_1721310654126{padding-right: 100px !important;padding-left: 100px !important;}&#8221;][vc_empty_space height=&#8221;30px&#8221;]<div class=\"edgt-section-title-holder  edgt-st-standard edgt-st-title-left edgt-st-normal-space \" style=\"text-align: center\">\n\t<div class=\"edgt-st-inner\">\n\t\t\t\t\t<h2 class=\"edgt-st-title\" style=\"color: #ffffff\">\n\t\t\t\tNuestra Ubicaci\u00f3n\t\t\t<\/h2>\n\t\t\t\t\t<\/div>\n<\/div>[vc_empty_space height=&#8221;30px&#8221;][vc_gmaps link=&#8221;#E-8_JTNDaWZyYW1lJTIwc3JjJTNEJTIyaHR0cHMlM0ElMkYlMkZ3d3cuZ29vZ2xlLmNvbSUyRm1hcHMlMkZlbWJlZCUzRnBiJTNEJTIxMW0xOCUyMTFtMTIlMjExbTMlMjExZDM5NTIuMTczOTA4MDE3NDEyNSUyMTJkLTcyLjUwMDkzMDMyNjMzODg2JTIxM2Q3Ljg3Njg2NDgwNTk2MTMwMyUyMTJtMyUyMTFmMCUyMTJmMCUyMTNmMCUyMTNtMiUyMTFpMTAyNCUyMTJpNzY4JTIxNGYxMy4xJTIxM20zJTIxMW0yJTIxMXMweDhlNjY0NWEzMDJlZDdiZTElMjUzQTB4Y2YxMDg3MGY4ODI3ODllMSUyMTJzQWN0aXZlJTI1MjBFbmdsaXNoJTI1MjBJbnN0aXR1dGUlMjE1ZTAlMjEzbTIlMjExc2VzJTIxMnNjbyUyMTR2MTcyMTMwOTkwNTc2MiUyMTVtMiUyMTFzZXMlMjEyc2NvJTIyJTIwd2lkdGglM0QlMjI2MDAlMjIlMjBoZWlnaHQlM0QlMjI0NTAlMjIlMjBzdHlsZSUzRCUyMmJvcmRlciUzQTAlM0IlMjIlMjBhbGxvd2Z1bGxzY3JlZW4lM0QlMjIlMjIlMjBsb2FkaW5nJTNEJTIybGF6eSUyMiUyMHJlZmVycmVycG9saWN5JTNEJTIybm8tcmVmZXJyZXItd2hlbi1kb3duZ3JhZGUlMjIlM0UlM0MlMkZpZnJhbWUlM0U=&#8221;][vc_empty_space height=&#8221;70px&#8221;][\/vc_column][\/vc_row][vc_row][vc_column]<div class=\"edgt-image-gallery  edgt-ig-carousel-type   edgt-image-behavior-zoom edgt-no-space\">\n\t<div class=\"edgt-ig-slider edgt-owl-slider\" data-number-of-items=\"4\" data-enable-loop=\"yes\" data-enable-center=\"no\" data-enable-auto-width=\"no\" data-enable-autoplay=\"yes\" data-slider-speed=\"5000\" data-slider-speed-animation=\"600\" data-slider-padding=\"no\" data-enable-navigation=\"yes\" data-enable-pagination=\"yes\">\n\t\t\t\t\t<div class=\"edgt-ig-image\">\n\t\t\t\t\t\t\t\t\t<img loading=\"lazy\" decoding=\"async\" width=\"2560\" height=\"2419\" src=\"https:\/\/activeenglish.nelumbo.com.co\/wp-content\/uploads\/2024\/08\/FOTOS-GALERIA_Mesa-de-trabajo-1-copia-6-scaled.jpg\" class=\"attachment-full size-full\" alt=\"\" srcset=\"https:\/\/activeenglish.nelumbo.com.co\/wp-content\/uploads\/2024\/08\/FOTOS-GALERIA_Mesa-de-trabajo-1-copia-6-scaled.jpg 2560w, https:\/\/activeenglish.nelumbo.com.co\/wp-content\/uploads\/2024\/08\/FOTOS-GALERIA_Mesa-de-trabajo-1-copia-6-300x284.jpg 300w, https:\/\/activeenglish.nelumbo.com.co\/wp-content\/uploads\/2024\/08\/FOTOS-GALERIA_Mesa-de-trabajo-1-copia-6-1024x968.jpg 1024w, https:\/\/activeenglish.nelumbo.com.co\/wp-content\/uploads\/2024\/08\/FOTOS-GALERIA_Mesa-de-trabajo-1-copia-6-768x726.jpg 768w, https:\/\/activeenglish.nelumbo.com.co\/wp-content\/uploads\/2024\/08\/FOTOS-GALERIA_Mesa-de-trabajo-1-copia-6-1536x1452.jpg 1536w, https:\/\/activeenglish.nelumbo.com.co\/wp-content\/uploads\/2024\/08\/FOTOS-GALERIA_Mesa-de-trabajo-1-copia-6-600x567.jpg 600w\" sizes=\"auto, (max-width: 2560px) 100vw, 2560px\" \/>\t\t\t\t\t\t\t<\/div>\n\t\t\t\t\t<div class=\"edgt-ig-image\">\n\t\t\t\t\t\t\t\t\t<img loading=\"lazy\" decoding=\"async\" width=\"2560\" height=\"2419\" src=\"https:\/\/activeenglish.nelumbo.com.co\/wp-content\/uploads\/2024\/06\/FOTOS-GALERIA_Mesa-de-trabajo-1-copia-4-scaled.jpg\" class=\"attachment-full size-full\" alt=\"\" srcset=\"https:\/\/activeenglish.nelumbo.com.co\/wp-content\/uploads\/2024\/06\/FOTOS-GALERIA_Mesa-de-trabajo-1-copia-4-scaled.jpg 2560w, https:\/\/activeenglish.nelumbo.com.co\/wp-content\/uploads\/2024\/06\/FOTOS-GALERIA_Mesa-de-trabajo-1-copia-4-300x284.jpg 300w, https:\/\/activeenglish.nelumbo.com.co\/wp-content\/uploads\/2024\/06\/FOTOS-GALERIA_Mesa-de-trabajo-1-copia-4-1024x968.jpg 1024w, https:\/\/activeenglish.nelumbo.com.co\/wp-content\/uploads\/2024\/06\/FOTOS-GALERIA_Mesa-de-trabajo-1-copia-4-768x726.jpg 768w, https:\/\/activeenglish.nelumbo.com.co\/wp-content\/uploads\/2024\/06\/FOTOS-GALERIA_Mesa-de-trabajo-1-copia-4-1536x1452.jpg 1536w, https:\/\/activeenglish.nelumbo.com.co\/wp-content\/uploads\/2024\/06\/FOTOS-GALERIA_Mesa-de-trabajo-1-copia-4-600x567.jpg 600w\" sizes=\"auto, (max-width: 2560px) 100vw, 2560px\" \/>\t\t\t\t\t\t\t<\/div>\n\t\t\t\t\t<div class=\"edgt-ig-image\">\n\t\t\t\t\t\t\t\t\t<img loading=\"lazy\" decoding=\"async\" width=\"2560\" height=\"2419\" src=\"https:\/\/activeenglish.nelumbo.com.co\/wp-content\/uploads\/2024\/06\/FOTOS-GALERIA_Mesa-de-trabajo-1-1-scaled.jpg\" class=\"attachment-full size-full\" alt=\"\" srcset=\"https:\/\/activeenglish.nelumbo.com.co\/wp-content\/uploads\/2024\/06\/FOTOS-GALERIA_Mesa-de-trabajo-1-1-scaled.jpg 2560w, https:\/\/activeenglish.nelumbo.com.co\/wp-content\/uploads\/2024\/06\/FOTOS-GALERIA_Mesa-de-trabajo-1-1-300x284.jpg 300w, https:\/\/activeenglish.nelumbo.com.co\/wp-content\/uploads\/2024\/06\/FOTOS-GALERIA_Mesa-de-trabajo-1-1-1024x968.jpg 1024w, https:\/\/activeenglish.nelumbo.com.co\/wp-content\/uploads\/2024\/06\/FOTOS-GALERIA_Mesa-de-trabajo-1-1-768x726.jpg 768w, https:\/\/activeenglish.nelumbo.com.co\/wp-content\/uploads\/2024\/06\/FOTOS-GALERIA_Mesa-de-trabajo-1-1-1536x1452.jpg 1536w, https:\/\/activeenglish.nelumbo.com.co\/wp-content\/uploads\/2024\/06\/FOTOS-GALERIA_Mesa-de-trabajo-1-1-600x567.jpg 600w\" sizes=\"auto, (max-width: 2560px) 100vw, 2560px\" \/>\t\t\t\t\t\t\t<\/div>\n\t\t\t\t\t<div class=\"edgt-ig-image\">\n\t\t\t\t\t\t\t\t\t<img loading=\"lazy\" decoding=\"async\" width=\"2560\" height=\"2419\" src=\"https:\/\/activeenglish.nelumbo.com.co\/wp-content\/uploads\/2024\/08\/F_T_GALERIA2-scaled.jpg\" class=\"attachment-full size-full\" alt=\"\" srcset=\"https:\/\/activeenglish.nelumbo.com.co\/wp-content\/uploads\/2024\/08\/F_T_GALERIA2-scaled.jpg 2560w, https:\/\/activeenglish.nelumbo.com.co\/wp-content\/uploads\/2024\/08\/F_T_GALERIA2-300x284.jpg 300w, https:\/\/activeenglish.nelumbo.com.co\/wp-content\/uploads\/2024\/08\/F_T_GALERIA2-1024x968.jpg 1024w, https:\/\/activeenglish.nelumbo.com.co\/wp-content\/uploads\/2024\/08\/F_T_GALERIA2-768x726.jpg 768w, https:\/\/activeenglish.nelumbo.com.co\/wp-content\/uploads\/2024\/08\/F_T_GALERIA2-1536x1452.jpg 1536w, https:\/\/activeenglish.nelumbo.com.co\/wp-content\/uploads\/2024\/08\/F_T_GALERIA2-600x567.jpg 600w\" sizes=\"auto, (max-width: 2560px) 100vw, 2560px\" \/>\t\t\t\t\t\t\t<\/div>\n\t\t\t\t\t<div class=\"edgt-ig-image\">\n\t\t\t\t\t\t\t\t\t<img loading=\"lazy\" decoding=\"async\" width=\"2560\" height=\"2419\" src=\"https:\/\/activeenglish.nelumbo.com.co\/wp-content\/uploads\/2024\/08\/F_T_GALERIA5-scaled.jpg\" class=\"attachment-full size-full\" alt=\"\" srcset=\"https:\/\/activeenglish.nelumbo.com.co\/wp-content\/uploads\/2024\/08\/F_T_GALERIA5-scaled.jpg 2560w, https:\/\/activeenglish.nelumbo.com.co\/wp-content\/uploads\/2024\/08\/F_T_GALERIA5-300x284.jpg 300w, https:\/\/activeenglish.nelumbo.com.co\/wp-content\/uploads\/2024\/08\/F_T_GALERIA5-1024x968.jpg 1024w, https:\/\/activeenglish.nelumbo.com.co\/wp-content\/uploads\/2024\/08\/F_T_GALERIA5-768x726.jpg 768w, https:\/\/activeenglish.nelumbo.com.co\/wp-content\/uploads\/2024\/08\/F_T_GALERIA5-1536x1452.jpg 1536w, https:\/\/activeenglish.nelumbo.com.co\/wp-content\/uploads\/2024\/08\/F_T_GALERIA5-600x567.jpg 600w\" sizes=\"auto, (max-width: 2560px) 100vw, 2560px\" \/>\t\t\t\t\t\t\t<\/div>\n\t\t\t\t\t<div class=\"edgt-ig-image\">\n\t\t\t\t\t\t\t\t\t<img loading=\"lazy\" decoding=\"async\" width=\"2560\" height=\"2419\" src=\"https:\/\/activeenglish.nelumbo.com.co\/wp-content\/uploads\/2024\/08\/F_T_GALERIA4-scaled.jpg\" class=\"attachment-full size-full\" alt=\"\" srcset=\"https:\/\/activeenglish.nelumbo.com.co\/wp-content\/uploads\/2024\/08\/F_T_GALERIA4-scaled.jpg 2560w, https:\/\/activeenglish.nelumbo.com.co\/wp-content\/uploads\/2024\/08\/F_T_GALERIA4-300x284.jpg 300w, https:\/\/activeenglish.nelumbo.com.co\/wp-content\/uploads\/2024\/08\/F_T_GALERIA4-1024x968.jpg 1024w, https:\/\/activeenglish.nelumbo.com.co\/wp-content\/uploads\/2024\/08\/F_T_GALERIA4-768x726.jpg 768w, https:\/\/activeenglish.nelumbo.com.co\/wp-content\/uploads\/2024\/08\/F_T_GALERIA4-1536x1452.jpg 1536w, https:\/\/activeenglish.nelumbo.com.co\/wp-content\/uploads\/2024\/08\/F_T_GALERIA4-600x567.jpg 600w\" sizes=\"auto, (max-width: 2560px) 100vw, 2560px\" \/>\t\t\t\t\t\t\t<\/div>\n\t\t\t\t\t<div class=\"edgt-ig-image\">\n\t\t\t\t\t\t\t\t\t<img loading=\"lazy\" decoding=\"async\" width=\"2560\" height=\"2419\" src=\"https:\/\/activeenglish.nelumbo.com.co\/wp-content\/uploads\/2024\/08\/F_T_GALERIA-scaled.jpg\" class=\"attachment-full size-full\" alt=\"\" srcset=\"https:\/\/activeenglish.nelumbo.com.co\/wp-content\/uploads\/2024\/08\/F_T_GALERIA-scaled.jpg 2560w, https:\/\/activeenglish.nelumbo.com.co\/wp-content\/uploads\/2024\/08\/F_T_GALERIA-300x284.jpg 300w, https:\/\/activeenglish.nelumbo.com.co\/wp-content\/uploads\/2024\/08\/F_T_GALERIA-1024x968.jpg 1024w, https:\/\/activeenglish.nelumbo.com.co\/wp-content\/uploads\/2024\/08\/F_T_GALERIA-768x726.jpg 768w, https:\/\/activeenglish.nelumbo.com.co\/wp-content\/uploads\/2024\/08\/F_T_GALERIA-1536x1452.jpg 1536w, https:\/\/activeenglish.nelumbo.com.co\/wp-content\/uploads\/2024\/08\/F_T_GALERIA-600x567.jpg 600w\" sizes=\"auto, (max-width: 2560px) 100vw, 2560px\" \/>\t\t\t\t\t\t\t<\/div>\n\t\t\t\t\t<div class=\"edgt-ig-image\">\n\t\t\t\t\t\t\t\t\t<img loading=\"lazy\" decoding=\"async\" width=\"2560\" height=\"2420\" src=\"https:\/\/activeenglish.nelumbo.com.co\/wp-content\/uploads\/2024\/08\/FOTOS-GALERIA_Mesa-de-trabajo-1-copia-2-scaled.jpg\" class=\"attachment-full size-full\" alt=\"\" srcset=\"https:\/\/activeenglish.nelumbo.com.co\/wp-content\/uploads\/2024\/08\/FOTOS-GALERIA_Mesa-de-trabajo-1-copia-2-scaled.jpg 2560w, https:\/\/activeenglish.nelumbo.com.co\/wp-content\/uploads\/2024\/08\/FOTOS-GALERIA_Mesa-de-trabajo-1-copia-2-300x284.jpg 300w, https:\/\/activeenglish.nelumbo.com.co\/wp-content\/uploads\/2024\/08\/FOTOS-GALERIA_Mesa-de-trabajo-1-copia-2-1024x968.jpg 1024w, https:\/\/activeenglish.nelumbo.com.co\/wp-content\/uploads\/2024\/08\/FOTOS-GALERIA_Mesa-de-trabajo-1-copia-2-768x726.jpg 768w, https:\/\/activeenglish.nelumbo.com.co\/wp-content\/uploads\/2024\/08\/FOTOS-GALERIA_Mesa-de-trabajo-1-copia-2-1536x1452.jpg 1536w, https:\/\/activeenglish.nelumbo.com.co\/wp-content\/uploads\/2024\/08\/FOTOS-GALERIA_Mesa-de-trabajo-1-copia-2-600x567.jpg 600w\" sizes=\"auto, (max-width: 2560px) 100vw, 2560px\" \/>\t\t\t\t\t\t\t<\/div>\n\t\t\t\t\t<div class=\"edgt-ig-image\">\n\t\t\t\t\t\t\t\t\t<img loading=\"lazy\" decoding=\"async\" width=\"2560\" height=\"2419\" src=\"https:\/\/activeenglish.nelumbo.com.co\/wp-content\/uploads\/2024\/08\/F_T_GALERIA3-scaled.jpg\" class=\"attachment-full size-full\" alt=\"\" srcset=\"https:\/\/activeenglish.nelumbo.com.co\/wp-content\/uploads\/2024\/08\/F_T_GALERIA3-scaled.jpg 2560w, https:\/\/activeenglish.nelumbo.com.co\/wp-content\/uploads\/2024\/08\/F_T_GALERIA3-300x284.jpg 300w, https:\/\/activeenglish.nelumbo.com.co\/wp-content\/uploads\/2024\/08\/F_T_GALERIA3-1024x968.jpg 1024w, https:\/\/activeenglish.nelumbo.com.co\/wp-content\/uploads\/2024\/08\/F_T_GALERIA3-768x726.jpg 768w, https:\/\/activeenglish.nelumbo.com.co\/wp-content\/uploads\/2024\/08\/F_T_GALERIA3-1536x1452.jpg 1536w, https:\/\/activeenglish.nelumbo.com.co\/wp-content\/uploads\/2024\/08\/F_T_GALERIA3-600x567.jpg 600w\" sizes=\"auto, (max-width: 2560px) 100vw, 2560px\" \/>\t\t\t\t\t\t\t<\/div>\n\t\t\t<\/div>\n<\/div>[\/vc_column][\/vc_row][vc_row][vc_column][vc_column_text]<\/span><\/span><\/span><\/span>[\/vc_column_text][\/vc_column][\/vc_row]<\/p>\n<\/section>","protected":false},"excerpt":{"rendered":"<p>[vc_row][vc_column][vc_column_text][\/vc_column_text][\/vc_column][\/vc_row][vc_row row_content_width=&#8221;grid&#8221; css=&#8221;.vc_custom_1499940731417{padding-top: 7.6%!important;padding-bottom: 3%!important;}&#8221;][vc_column css=&#8221;.vc_custom_1501587589259{margin-top: -25px!important ;relleno-derecha: 14px !importante;}&#8221; offset=&#8221;vc_col-lg-offset-0 vc_col-lg-5 vc_col-md-offset-0 vc_col-md-12 vc_col-sm-offset-0&#8243;][vc_column_text] Detalles de contacto [\/vc_column_text][vc_empty_space height=&#8221;9px&#8221;][vc_empty_space height=&#8221;22px&#8221;][vc_column_text css=&#8221;.vc_custom_1502107407498{margin-top: -3px !important;}&#8221;][\/vc_column_text][vc_column_text css=&#8221;.vc_custom_1502107407498{margin-top: -3px !important;}&#8221;][\/vc_column_text][vc_column_text css=&#8221;.vc_custom_1502107407498{margin-top: -3px !important;}&#8221;][\/vc_column_text][vc_empty_space height=&#8221;13px&#8221;][\/vc_column][vc_column offset=&#8221;vc_col-lg-offset-0 vc_col-lg-7 vc_col-md-offset-0 vc_col-md-12&#8243;][vc_empty_space height=&#8221;60px&#8221;][\/vc_column][\/vc_row][vc_row css=&#8221;.vc_custom_1721311055515{background-color: #0c3064 !important;}&#8221;][vc_column css=&#8221;.vc_custom_1721310654126{padding-right: 100px !important;padding-left: 100px !important;}&#8221;][vc_empty_space height=&#8221;30px&#8221;][vc_empty_space height=&#8221;30px&#8221;][vc_gmaps link=&#8221;#E-8_JTNDaWZyYW1lJTIwc3JjJTNEJTIyaHR0cHMlM0ElMkYlMkZ3d3cuZ29vZ2xlLmNvbSUyRm1hcHMlMkZlbWJlZCUzRnBiJTNEJTIxMW0xOCUyMTFtMTIlMjExbTMlMjExZDM5NTIuMTczOTA4MDE3NDEyNSUyMTJkLTcyLjUwMDkzMDMyNjMzODg2JTIxM2Q3Ljg3Njg2NDgwNTk2MTMwMyUyMTJtMyUyMTFmMCUyMTJmMCUyMTNmMCUyMTNtMiUyMTFpMTAyNCUyMTJpNzY4JTIxNGYxMy4xJTIxM20zJTIxMW0yJTIxMXMweDhlNjY0NWEzMDJlZDdiZTElMjUzQTB4Y2YxMDg3MGY4ODI3ODllMSUyMTJzQWN0aXZlJTI1MjBFbmdsaXNoJTI1MjBJbnN0aXR1dGUlMjE1ZTAlMjEzbTIlMjExc2VzJTIxMnNjbyUyMTR2MTcyMTMwOTkwNTc2MiUyMTVtMiUyMTFzZXMlMjEyc2NvJTIyJTIwd2lkdGglM0QlMjI2MDAlMjIlMjBoZWlnaHQlM0QlMjI0NTAlMjIlMjBzdHlsZSUzRCUyMmJvcmRlciUzQTAlM0IlMjIlMjBhbGxvd2Z1bGxzY3JlZW4lM0QlMjIlMjIlMjBsb2FkaW5nJTNEJTIybGF6eSUyMiUyMHJlZmVycmVycG9saWN5JTNEJTIybm8tcmVmZXJyZXItd2hlbi1kb3duZ3JhZGUlMjIlM0UlM0MlMkZpZnJhbWUlM0U=&#8221;][vc_empty_space height=&#8221;70px&#8221;][\/vc_column][\/vc_row][vc_row][vc_column][\/vc_column][\/vc_row][vc_row][vc_column][vc_column_text][\/vc_column_text][\/vc_column][\/vc_row]<\/p>\n","protected":false},"author":1,"featured_media":0,"parent":0,"menu_order":0,"comment_status":"closed","ping_status":"closed","template":"full-width.php","meta":{"_joinchat":[],"footnotes":""},"class_list":["post-341","page","type-page","status-publish","hentry"],"_links":{"self":[{"href":"https:\/\/activeenglish.nelumbo.com.co\/index.php\/wp-json\/wp\/v2\/pages\/341","targetHints":{"allow":["GET"]}}],"collection":[{"href":"https:\/\/activeenglish.nelumbo.com.co\/index.php\/wp-json\/wp\/v2\/pages"}],"about":[{"href":"https:\/\/activeenglish.nelumbo.com.co\/index.php\/wp-json\/wp\/v2\/types\/page"}],"author":[{"embeddable":true,"href":"https:\/\/activeenglish.nelumbo.com.co\/index.php\/wp-json\/wp\/v2\/users\/1"}],"replies":[{"embeddable":true,"href":"https:\/\/activeenglish.nelumbo.com.co\/index.php\/wp-json\/wp\/v2\/comments?post=341"}],"version-history":[{"count":21,"href":"https:\/\/activeenglish.nelumbo.com.co\/index.php\/wp-json\/wp\/v2\/pages\/341\/revisions"}],"predecessor-version":[{"id":4109,"href":"https:\/\/activeenglish.nelumbo.com.co\/index.php\/wp-json\/wp\/v2\/pages\/341\/revisions\/4109"}],"wp:attachment":[{"href":"https:\/\/activeenglish.nelumbo.com.co\/index.php\/wp-json\/wp\/v2\/media?parent=341"}],"curies":[{"name":"wp","href":"https:\/\/api.w.org\/{rel}","templated":true}]}}